{"id":12699,"date":"2024-04-15T09:54:49","date_gmt":"2024-04-15T12:54:49","guid":{"rendered":"https:\/\/hom.gozuri.com\/?page_id=12689"},"modified":"2024-04-15T09:54:49","modified_gmt":"2024-04-15T12:54:49","slug":"terms-of-use","status":"publish","type":"page","link":"https:\/\/gozuri.com\/en\/terms-of-use\/","title":{"rendered":"Terms of Use"},"content":{"rendered":"\t\t<div data-elementor-type=\"wp-page\" data-elementor-id=\"12699\" class=\"elementor elementor-12699\" data-elementor-settings=\"{&quot;ha_cmc_init_switcher&quot;:&quot;no&quot;}\" data-elementor-post-type=\"page\">\n\t\t\t\t\t\t<section class=\"elementor-section elementor-top-section elementor-element elementor-element-5d064387 elementor-section-boxed elementor-section-height-default elementor-section-height-default wpr-particle-no wpr-jarallax-no wpr-parallax-no wpr-sticky-section-no jltma-glass-effect-no\" data-id=\"5d064387\" data-element_type=\"section\" data-settings=\"{&quot;_ha_eqh_enable&quot;:false}\">\n\t\t\t\t\t\t<div class=\"elementor-container elementor-column-gap-default\">\n\t\t\t\t\t<div class=\"elementor-column elementor-col-100 elementor-top-column elementor-element elementor-element-7353eadc jltma-glass-effect-no\" data-id=\"7353eadc\" data-element_type=\"column\">\n\t\t\t<div class=\"elementor-widget-wrap elementor-element-populated\">\n\t\t\t\t\t\t<div class=\"elementor-element elementor-element-6d1c7292 jltma-glass-effect-no elementor-widget elementor-widget-text-editor\" data-id=\"6d1c7292\" data-element_type=\"widget\" data-widget_type=\"text-editor.default\">\n\t\t\t\t<div class=\"elementor-widget-container\">\n\t\t\t\t\t\t\t\t\t\n<p>\u00a0<\/p>\n<section id=\"content4-gh\" class=\"mbr-section content4 cid-rWwhP9arV1\">\n<div class=\"container\">\n<div class=\"media-container-row\">\n<div class=\"title col-12 col-md-8\">\n<h1 class=\"align-center pb-3 mbr-fonts-style display-2\">Website Terms of Use<\/h1>\n<\/div>\n<\/div>\n<\/div>\n<\/section>\n<section id=\"content1-gj\" class=\"mbr-section article content1 cid-rWwhROpv5f\">\n<div class=\"container\">\n<div class=\"media-container-row\">\n<div class=\"mbr-text col-12 mbr-fonts-style display-7 col-md-8\"><strong>1. PURPOSE OF THE DOCUMENT<\/strong>\n<div>\n<p class=\"Pargrafo\">This document outlines the rules that must be followed by all users of the Zuri website.<\/p>\n<\/div>\n<strong>2. SCOPE<\/strong>\n<div>\n<p class=\"Pargrafo\">These rules apply to anyone who accesses or attempts to access the Zuri website, herein referred to as &#8220;User&#8221;.<\/p>\n<strong>3. DEFINITIONS<\/strong>\n<div>\n<ul>\n<li data-sourcepos=\"13:1-13:167\"><strong>Personal Data:<\/strong>\u00a0Any information related to an identified or identifiable natural person. This includes data used to create a behavioral profile of the individual.<\/li>\n<li data-sourcepos=\"14:1-14:313\"><strong>General Data Protection Law (LGPD):<\/strong>\u00a0Brazilian law n\u00ba 13.709\/2018 that regulates the processing of personal data in digital or physical media. Its objective is to protect data subjects and allow its use for various purposes, balancing the interests of individuals with technological and economic development.<\/li>\n<li data-sourcepos=\"15:1-15:72\"><strong>Data Subject:<\/strong>\u00a0The natural person to whom the personal data refers.<\/li>\n<li data-sourcepos=\"16:1-16:334\"><strong>Data Processing:<\/strong>\u00a0Any operation performed on personal data, such as\u00a0<span class=\"citation-0 citation-end-0\">collection, production, reception, classification, use, access, reproduction, transmission, distribution, processing, archiving, storage, disposal, evaluation,<\/span>\u00a0information control, modification, communication, transfer, dissemination or extraction.<\/li>\n<li data-sourcepos=\"17:1-18:0\"><strong>Browsing:<\/strong>\u00a0Accessing and viewing pages and content on the company&#8217;s website or platform.<\/li>\n<\/ul>\n<strong>4. PURPOSE OF THE ZURI WEBSITE<\/strong>\n<div>\n<p class=\"Pargrafo\">The Zuri website is an official communication and product disclosure channel. It was created to facilitate the company&#8217;s relationship with any natural person who has an interest in its products or solutions, or who represents an organization that wishes to maintain contact, learn about products or solutions, or improve their knowledge in the topics in which Zuri shares content.<\/p>\n<\/div>\n<\/div>\n<\/div>\n<strong>5. GUIDELINES<\/strong><\/div>\n<div class=\"mbr-text col-12 mbr-fonts-style display-7 col-md-8\">5.1. By browsing this website, you expressly agree to follow these Terms of Use and the Privacy Policy of the Personal Data Holder. You acknowledge that both documents are in effect on the date of your access and that you must review them each time you visit the site.<\/div>\n<div>\u00a0<\/div>\n<div class=\"mbr-text col-12 mbr-fonts-style display-7 col-md-8\">5.2. You are responsible for using your own resources to access the website and for limiting your navigation to the content made available.<\/div>\n<div>\u00a0<\/div>\n<div class=\"mbr-text col-12 mbr-fonts-style display-7 col-md-8\">5.3. You are subject to current Brazilian law and are responsible for repairing any damage resulting from misuse of the site. It is prohibited to:\n<ol style=\"list-style-type: lower-alpha;\">\n<li>Access programming areas, database or any other set of information related to the project, development or commercialization of the website;<\/li>\n<li>Reverse engineer, translate or decompile non-open source codes, for the purpose of <span class=\"citation-1 citation-end-1\">copying, modifying, reproducing, renting, sublicensing, publishing, disclosing, transmitting, lending, distributing or otherwise<\/span> disposing of the consultation tools of this website and its functionalities;<\/li>\n<li>Use applications that spy on or capture data processed by the website.<\/li>\n<\/ol>\n5.4. Zuri will make the necessary and reasonable technical efforts to maintain the continuous availability of the website, but reserves the right to make improvements and updates that may change the structure or layout of the website, as it deems fit. Zuri is not responsible if the website becomes unavailable.<\/div>\n<div>\u00a0<\/div>\n<div class=\"mbr-text col-12 mbr-fonts-style display-7 col-md-8\">5.5.Zuri is not responsible for the actions of users on its website. Each user is responsible for their actions when using the website.<\/div>\n<div>\u00a0<\/div>\n<div class=\"mbr-text col-12 mbr-fonts-style display-7 col-md-8\">5.6. All personal data entered in forms on this website are treated with the necessary security and confidentiality and only for the purpose of providing services by Zuri. If you wish to maintain contact to obtain more details about Zuri products or services, the following personal data will be collected: name, email and telephone number. This data will be used by the Zuri team to send content by email or telephone contact, following all the rules established by the General Data Protection Law (LGPD).<\/div>\n<div>\u00a0<\/div>\n<div class=\"mbr-text col-12 mbr-fonts-style display-7 col-md-8\">5.7. By providing your personal data on the website, you expressly agree to the processing of such information by Zuri, always respecting the purpose of the defined processing.<\/div>\n<div>\u00a0<\/div>\n<div class=\"mbr-text col-12 mbr-fonts-style display-7 col-md-8\">5.8. Zuri does not assign, share, make available, expose or sell personal data of users, whether those entered on this website or provided on other information platforms. The Personal Data Holder&#8217;s Privacy Policy details this commitment.<\/div>\n<div>\u00a0<\/div>\n<div class=\"mbr-text col-12 mbr-fonts-style display-7 col-md-8\">5.9 . Zuri may contact or send content to website users who wish to receive information related to its services or its mission. For this, users are responsible for providing correct data and keeping it updated.<\/div>\n<div>\u00a0<\/div>\n<div class=\"mbr-text col-12 mbr-fonts-style display-7 col-md-8\">5.10. Users are responsible for respecting all intellectual property rights and rights arising from the protection of trademarks, patents and\/or industrial designs, deposited or registered in the name of Zuri, as well as all rights of third parties that may be, or have been, in any way, available on this website.<\/div>\n<div>\u00a0<\/div>\n<div class=\"mbr-text col-12 mbr-fonts-style display-7 col-md-8\">5.11. The content made available by Zuri that is intended to improve the relationship with the user or with the company that the user represents is protected by intellectual property rights and under no circumstances do users acquire any rights over them, being allowed, only, to make a personal file of the content made available, unless its use for another purpose is expressly authorized.<\/div>\n<div>\u00a0<\/div>\n<div class=\"mbr-text col-12 mbr-fonts-style display-7 col-md-8\">5.12. Users assume all and any responsibility, civil and\/or criminal, for the misuse of data and content published on the website. This includes, but is not limited to, information, texts, graphics, trademarks, works, and images.<\/div>\n<div>\u00a0<\/div>\n<div class=\"mbr-text col-12 mbr-fonts-style display-7 col-md-8\">5.13. The commercial use of the expression Zuri, such as trademarks, company names or domain names, as well as the content of the website&#8217;s screens, programs, databases, networks, and their files are the property of Zuri and are protected by international laws and treaties on copyright, trademarks, patents, models, and industrial designs.<\/div>\n<div>\u00a0<\/div>\n<div class=\"mbr-text col-12 mbr-fonts-style display-7 col-md-8\">5.14. This Terms of Use Regulation is subject to constant improvement and refinement. Therefore, Zuri reserves the right to modify this document and its personal data owner&#8217;s privacy policy at any time, unilaterally.<\/div>\n<div>\u00a0<\/div>\n<div class=\"mbr-text col-12 mbr-fonts-style display-7 col-md-8\">5.15. The terms and conditions of use described herein shall be interpreted in accordance with Brazilian law, in the Portuguese language, and the Forum of the Comarca de S\u00e3o Paulo\/SP shall be elected, expressly waiving any other, even if more privileged, for the resolution of any disputes or claims arising from or in connection with this instrument.<\/div>\n<\/div>\n<\/div>\n<\/section>\n\t\t\t\t\t\t\t\t<\/div>\n\t\t\t\t<\/div>\n\t\t\t\t\t<\/div>\n\t\t<\/div>\n\t\t\t\t\t<\/div>\n\t\t<\/section>\n\t\t\t\t<\/div>\n\t\t","protected":false},"excerpt":{"rendered":"<p>\u00a0 Website Terms of Use 1. PURPOSE OF THE DOCUMENT This document outlines the rules that must be followed by all users of the Zuri website. 2. SCOPE These rules apply to anyone who accesses or attempts to access the Zuri website, herein referred to as &#8220;User&#8221;. 3. DEFINITIONS Personal Data:\u00a0Any information related to an identified or identifiable natural person. This includes data used to create a behavioral profile of the individual. General Data Protection Law (LGPD):\u00a0Brazilian law n\u00ba 13.709\/2018 that regulates the processing of personal data in digital or physical media. Its objective is to protect data subjects and allow its use for various purposes, balancing the interests of individuals with technological and economic development. Data Subject:\u00a0The natural person to whom the personal data refers. Data Processing:\u00a0Any operation performed on personal data, such as\u00a0collection, production, reception, classification, use, access, reproduction, transmission, distribution, processing, archiving, storage, disposal, evaluation,\u00a0information control, modification, communication, transfer, dissemination or extraction. Browsing:\u00a0Accessing and viewing pages and content on the company&#8217;s website or platform. 4. PURPOSE OF THE ZURI WEBSITE The Zuri website is an official communication and product disclosure channel. It was created to facilitate the company&#8217;s relationship with any natural person who has an interest in its products or solutions, or who represents an organization that wishes to maintain contact, learn about products or solutions, or improve their knowledge in the topics in which Zuri shares content. 5. GUIDELINES 5.1. By browsing this website, you expressly agree to follow these Terms of Use and the Privacy Policy of the Personal Data Holder. You acknowledge that both documents are in effect on the date of your access and that you must review them each time you visit the site. \u00a0 5.2. You are responsible for using your own resources to access the website and for limiting your navigation to the content made available. \u00a0 5.3. You are subject to current Brazilian law and are responsible for repairing any damage resulting from misuse of the site. It is prohibited to: Access programming areas, database or any other set of information related to the project, development or commercialization of the website; Reverse engineer, translate or decompile non-open source codes, for the purpose of copying, modifying, reproducing, renting, sublicensing, publishing, disclosing, transmitting, lending, distributing or otherwise disposing of the consultation tools of this website and its functionalities; Use applications that spy on or capture data processed by the website. 5.4. Zuri will make the necessary and reasonable technical efforts to maintain the continuous availability of the website, but reserves the right to make improvements and updates that may change the structure or layout of the website, as it deems fit. Zuri is not responsible if the website becomes unavailable. \u00a0 5.5.Zuri is not responsible for the actions of users on its website. Each user is responsible for their actions when using the website. \u00a0 5.6. All personal data entered in forms on this website are treated with the necessary security and confidentiality and only for the purpose of providing services by Zuri. If you wish to maintain contact to obtain more details about Zuri products or services, the following personal data will be collected: name, email and telephone number. This data will be used by the Zuri team to send content by email or telephone contact, following all the rules established by the General Data Protection Law (LGPD). \u00a0 5.7. By providing your personal data on the website, you expressly agree to the processing of such information by Zuri, always respecting the purpose of the defined processing. \u00a0 5.8. Zuri does not assign, share, make available, expose or sell personal data of users, whether those entered on this website or provided on other information platforms. The Personal Data Holder&#8217;s Privacy Policy details this commitment. \u00a0 5.9 . Zuri may contact or send content to website users who wish to receive information related to its services or its mission. For this, users are responsible for providing correct data and keeping it updated. \u00a0 5.10. Users are responsible for respecting all intellectual property rights and rights arising from the protection of trademarks, patents and\/or industrial designs, deposited or registered in the name of Zuri, as well as all rights of third parties that may be, or have been, in any way, available on this website. \u00a0 5.11. The content made available by Zuri that is intended to improve the relationship with the user or with the company that the user represents is protected by intellectual property rights and under no circumstances do users acquire any rights over them, being allowed, only, to make a personal file of the content made available, unless its use for another purpose is expressly authorized. \u00a0 5.12. Users assume all and any responsibility, civil and\/or criminal, for the misuse of data and content published on the website. This includes, but is not limited to, information, texts, graphics, trademarks, works, and images. \u00a0 5.13. The commercial use of the expression Zuri, such as trademarks, company names or domain names, as well as the content of the website&#8217;s screens, programs, databases, networks, and their files are the property of Zuri and are protected by international laws and treaties on copyright, trademarks, patents, models, and industrial designs. \u00a0 5.14. This Terms of Use Regulation is subject to constant improvement and refinement. Therefore, Zuri reserves the right to modify this document and its personal data owner&#8217;s privacy policy at any time, unilaterally. \u00a0 5.15. The terms and conditions of use described herein shall be interpreted in accordance with Brazilian law, in the Portuguese language, and the Forum of the Comarca de S\u00e3o Paulo\/SP shall be elected, expressly waiving any other, even if more privileged, for the resolution of any disputes or claims arising from or in connection with this instrument.<\/p>\n","protected":false},"author":1,"featured_media":0,"parent":0,"menu_order":0,"comment_status":"closed","ping_status":"closed","template":"","meta":{"footnotes":""},"class_list":["post-12699","page","type-page","status-publish","hentry"],"yoast_head":"<!-- This site is optimized with the Yoast SEO plugin v23.1 - https:\/\/yoast.com\/wordpress\/plugins\/seo\/ -->\n<title>Terms of Use | ZURI<\/title>\n<meta name=\"description\" content=\"Termo de Uso do Site - Definir as diretrizes que devem ser seguidas pelas pessoas que utilizam o site da Zuri.\" \/>\n<meta name=\"robots\" content=\"index, follow, max-snippet:-1, max-image-preview:large, max-video-preview:-1\" \/>\n<link rel=\"canonical\" href=\"https:\/\/gozuri.com\/en\/terms-of-use\/\" \/>\n<meta property=\"og:locale\" content=\"pt_BR\" \/>\n<meta property=\"og:type\" content=\"article\" \/>\n<meta property=\"og:title\" content=\"Terms of Use | ZURI\" \/>\n<meta property=\"og:description\" content=\"Termo de Uso do Site - Definir as diretrizes que devem ser seguidas pelas pessoas que utilizam o site da Zuri.\" \/>\n<meta property=\"og:url\" content=\"https:\/\/gozuri.com\/en\/terms-of-use\/\" \/>\n<meta property=\"og:site_name\" content=\"ZURI\" \/>\n<meta property=\"article:publisher\" content=\"https:\/\/www.facebook.com\/WFZuri\" \/>\n<meta property=\"og:image\" content=\"https:\/\/gozuri.com\/en\/wp-content\/uploads\/2023\/03\/zuri.png\" \/>\n\t<meta property=\"og:image:width\" content=\"432\" \/>\n\t<meta property=\"og:image:height\" content=\"432\" \/>\n\t<meta property=\"og:image:type\" content=\"image\/png\" \/>\n<meta name=\"twitter:card\" content=\"summary_large_image\" \/>\n<meta name=\"twitter:label1\" content=\"Est. tempo de leitura\" \/>\n\t<meta name=\"twitter:data1\" content=\"6 minutos\" \/>\n<script type=\"application\/ld+json\" class=\"yoast-schema-graph\">{\"@context\":\"https:\/\/schema.org\",\"@graph\":[{\"@type\":\"WebPage\",\"@id\":\"https:\/\/gozuri.com\/en\/terms-of-use\/\",\"url\":\"https:\/\/gozuri.com\/en\/terms-of-use\/\",\"name\":\"Terms of Use | ZURI\",\"isPartOf\":{\"@id\":\"https:\/\/gozuri.com\/en\/#website\"},\"datePublished\":\"2024-04-15T12:54:49+00:00\",\"dateModified\":\"2024-04-15T12:54:49+00:00\",\"description\":\"Termo de Uso do Site - Definir as diretrizes que devem ser seguidas pelas pessoas que utilizam o site da Zuri.\",\"inLanguage\":\"pt-BR\",\"potentialAction\":[{\"@type\":\"ReadAction\",\"target\":[\"https:\/\/gozuri.com\/en\/terms-of-use\/\"]}]},{\"@type\":\"WebSite\",\"@id\":\"https:\/\/gozuri.com\/en\/#website\",\"url\":\"https:\/\/gozuri.com\/en\/\",\"name\":\"Zuri\",\"description\":\"Alcance seus objetivos de neg\u00f3cio e supere os desafios que limitam a sua opera\u00e7\u00e3o, atrav\u00e9s da revolu\u00e7\u00e3o digital. Na Zuri oferecemos solu\u00e7\u00f5es digitais personalizadas que ajudam na busca \u00e0 excel\u00eancia operacional.\",\"publisher\":{\"@id\":\"https:\/\/gozuri.com\/en\/#organization\"},\"alternateName\":\"Zuri Solu\u00e7\u00f5es Inteligentes | Cria\u00e7\u00e3o, Gest\u00e3o e Automa\u00e7\u00e3o de Processos\",\"potentialAction\":[{\"@type\":\"SearchAction\",\"target\":{\"@type\":\"EntryPoint\",\"urlTemplate\":\"https:\/\/gozuri.com\/en\/?s={search_term_string}\"},\"query-input\":\"required name=search_term_string\"}],\"inLanguage\":\"pt-BR\"},{\"@type\":\"Organization\",\"@id\":\"https:\/\/gozuri.com\/en\/#organization\",\"name\":\"Zuri | Cria\u00e7\u00e3o, Gest\u00e3o e Automa\u00e7\u00e3o de Processos\",\"alternateName\":\"Zuri -Cria\u00e7\u00e3o, Gest\u00e3o e Automa\u00e7\u00e3o de Processos\",\"url\":\"https:\/\/gozuri.com\/en\/\",\"logo\":{\"@type\":\"ImageObject\",\"inLanguage\":\"pt-BR\",\"@id\":\"https:\/\/gozuri.com\/en\/#\/schema\/logo\/image\/\",\"url\":\"https:\/\/gozuri.com\/en\/wp-content\/uploads\/2021\/12\/LogoZurialta.png\",\"contentUrl\":\"https:\/\/gozuri.com\/en\/wp-content\/uploads\/2021\/12\/LogoZurialta.png\",\"width\":419,\"height\":167,\"caption\":\"Zuri | Cria\u00e7\u00e3o, Gest\u00e3o e Automa\u00e7\u00e3o de Processos\"},\"image\":{\"@id\":\"https:\/\/gozuri.com\/en\/#\/schema\/logo\/image\/\"},\"sameAs\":[\"https:\/\/www.facebook.com\/WFZuri\",\"https:\/\/www.linkedin.com\/company\/wf-zuri\/\",\"https:\/\/www.youtube.com\/c\/Zuriautomacao\",\"https:\/\/www.instagram.com\/zuriautomacao\/\"]}]}<\/script>\n<!-- \/ Yoast SEO plugin. -->","yoast_head_json":{"title":"Terms of Use | ZURI","description":"Termo de Uso do Site - Definir as diretrizes que devem ser seguidas pelas pessoas que utilizam o site da Zuri.","robots":{"index":"index","follow":"follow","max-snippet":"max-snippet:-1","max-image-preview":"max-image-preview:large","max-video-preview":"max-video-preview:-1"},"canonical":"https:\/\/gozuri.com\/en\/terms-of-use\/","og_locale":"pt_BR","og_type":"article","og_title":"Terms of Use | ZURI","og_description":"Termo de Uso do Site - Definir as diretrizes que devem ser seguidas pelas pessoas que utilizam o site da Zuri.","og_url":"https:\/\/gozuri.com\/en\/terms-of-use\/","og_site_name":"ZURI","article_publisher":"https:\/\/www.facebook.com\/WFZuri","og_image":[{"width":432,"height":432,"url":"https:\/\/gozuri.com\/en\/wp-content\/uploads\/2023\/03\/zuri.png","type":"image\/png"}],"twitter_card":"summary_large_image","twitter_misc":{"Est. tempo de leitura":"6 minutos"},"schema":{"@context":"https:\/\/schema.org","@graph":[{"@type":"WebPage","@id":"https:\/\/gozuri.com\/en\/terms-of-use\/","url":"https:\/\/gozuri.com\/en\/terms-of-use\/","name":"Terms of Use | ZURI","isPartOf":{"@id":"https:\/\/gozuri.com\/en\/#website"},"datePublished":"2024-04-15T12:54:49+00:00","dateModified":"2024-04-15T12:54:49+00:00","description":"Termo de Uso do Site - Definir as diretrizes que devem ser seguidas pelas pessoas que utilizam o site da Zuri.","inLanguage":"pt-BR","potentialAction":[{"@type":"ReadAction","target":["https:\/\/gozuri.com\/en\/terms-of-use\/"]}]},{"@type":"WebSite","@id":"https:\/\/gozuri.com\/en\/#website","url":"https:\/\/gozuri.com\/en\/","name":"Zuri","description":"Alcance seus objetivos de neg\u00f3cio e supere os desafios que limitam a sua opera\u00e7\u00e3o, atrav\u00e9s da revolu\u00e7\u00e3o digital. Na Zuri oferecemos solu\u00e7\u00f5es digitais personalizadas que ajudam na busca \u00e0 excel\u00eancia operacional.","publisher":{"@id":"https:\/\/gozuri.com\/en\/#organization"},"alternateName":"Zuri Solu\u00e7\u00f5es Inteligentes | Cria\u00e7\u00e3o, Gest\u00e3o e Automa\u00e7\u00e3o de Processos","potentialAction":[{"@type":"SearchAction","target":{"@type":"EntryPoint","urlTemplate":"https:\/\/gozuri.com\/en\/?s={search_term_string}"},"query-input":"required name=search_term_string"}],"inLanguage":"pt-BR"},{"@type":"Organization","@id":"https:\/\/gozuri.com\/en\/#organization","name":"Zuri | Cria\u00e7\u00e3o, Gest\u00e3o e Automa\u00e7\u00e3o de Processos","alternateName":"Zuri -Cria\u00e7\u00e3o, Gest\u00e3o e Automa\u00e7\u00e3o de Processos","url":"https:\/\/gozuri.com\/en\/","logo":{"@type":"ImageObject","inLanguage":"pt-BR","@id":"https:\/\/gozuri.com\/en\/#\/schema\/logo\/image\/","url":"https:\/\/gozuri.com\/en\/wp-content\/uploads\/2021\/12\/LogoZurialta.png","contentUrl":"https:\/\/gozuri.com\/en\/wp-content\/uploads\/2021\/12\/LogoZurialta.png","width":419,"height":167,"caption":"Zuri | Cria\u00e7\u00e3o, Gest\u00e3o e Automa\u00e7\u00e3o de Processos"},"image":{"@id":"https:\/\/gozuri.com\/en\/#\/schema\/logo\/image\/"},"sameAs":["https:\/\/www.facebook.com\/WFZuri","https:\/\/www.linkedin.com\/company\/wf-zuri\/","https:\/\/www.youtube.com\/c\/Zuriautomacao","https:\/\/www.instagram.com\/zuriautomacao\/"]}]}},"_links":{"self":[{"href":"https:\/\/gozuri.com\/en\/wp-json\/wp\/v2\/pages\/12699"}],"collection":[{"href":"https:\/\/gozuri.com\/en\/wp-json\/wp\/v2\/pages"}],"about":[{"href":"https:\/\/gozuri.com\/en\/wp-json\/wp\/v2\/types\/page"}],"author":[{"embeddable":true,"href":"https:\/\/gozuri.com\/en\/wp-json\/wp\/v2\/users\/1"}],"replies":[{"embeddable":true,"href":"https:\/\/gozuri.com\/en\/wp-json\/wp\/v2\/comments?post=12699"}],"version-history":[{"count":0,"href":"https:\/\/gozuri.com\/en\/wp-json\/wp\/v2\/pages\/12699\/revisions"}],"wp:attachment":[{"href":"https:\/\/gozuri.com\/en\/wp-json\/wp\/v2\/media?parent=12699"}],"curies":[{"name":"wp","href":"https:\/\/api.w.org\/{rel}","templated":true}]}}