{"id":13070,"date":"2024-10-01T17:47:44","date_gmt":"2024-10-01T20:47:44","guid":{"rendered":"https:\/\/hom.gozuri.com\/login-2\/"},"modified":"2024-11-08T16:33:36","modified_gmt":"2024-11-08T19:33:36","slug":"login","status":"publish","type":"page","link":"https:\/\/gozuri.com\/parceiros\/login\/","title":{"rendered":"Login"},"content":{"rendered":"\t\t<div data-elementor-type=\"wp-page\" data-elementor-id=\"13070\" class=\"elementor elementor-13070\" data-elementor-settings=\"{&quot;ha_cmc_init_switcher&quot;:&quot;no&quot;}\" data-elementor-post-type=\"page\">\n\t\t\t\t<div class=\"elementor-element elementor-element-16721b2 e-flex e-con-boxed wpr-particle-no wpr-jarallax-no wpr-parallax-no wpr-sticky-section-no e-con e-parent\" data-id=\"16721b2\" data-element_type=\"container\" data-settings=\"{&quot;_ha_eqh_enable&quot;:false}\">\n\t\t\t\t\t<div class=\"e-con-inner\">\n\t\t\t\t\t<\/div>\n\t\t\t\t<\/div>\n\t\t<div class=\"elementor-element elementor-element-432ac4c e-flex e-con-boxed wpr-particle-no wpr-jarallax-no wpr-parallax-no wpr-sticky-section-no e-con e-parent\" data-id=\"432ac4c\" data-element_type=\"container\" data-settings=\"{&quot;_ha_eqh_enable&quot;:false}\">\n\t\t\t\t\t<div class=\"e-con-inner\">\n\t\t\t\t<div class=\"elementor-element elementor-element-a914f6e jltma-glass-effect-no elementor-widget elementor-widget-spacer\" data-id=\"a914f6e\" data-element_type=\"widget\" data-widget_type=\"spacer.default\">\n\t\t\t\t<div class=\"elementor-widget-container\">\n\t\t\t\t\t\t\t<div class=\"elementor-spacer\">\n\t\t\t<div class=\"elementor-spacer-inner\"><\/div>\n\t\t<\/div>\n\t\t\t\t\t\t<\/div>\n\t\t\t\t<\/div>\n\t\t\t\t\t<\/div>\n\t\t\t\t<\/div>\n\t\t<div class=\"elementor-element elementor-element-0d86c4e e-flex e-con-boxed wpr-particle-no wpr-jarallax-no wpr-parallax-no wpr-sticky-section-no e-con e-parent\" data-id=\"0d86c4e\" data-element_type=\"container\" data-settings=\"{&quot;_ha_eqh_enable&quot;:false}\">\n\t\t\t\t\t<div class=\"e-con-inner\">\n\t\t<div class=\"elementor-element elementor-element-fe1d98b e-con-full e-flex wpr-particle-no wpr-jarallax-no wpr-parallax-no wpr-sticky-section-no e-con e-child\" data-id=\"fe1d98b\" data-element_type=\"container\" data-settings=\"{&quot;_ha_eqh_enable&quot;:false}\">\n\t\t<div class=\"elementor-element elementor-element-64e9cd0 e-con-full e-flex wpr-particle-no wpr-jarallax-no wpr-parallax-no wpr-sticky-section-no e-con e-child\" data-id=\"64e9cd0\" data-element_type=\"container\" data-settings=\"{&quot;_ha_eqh_enable&quot;:false}\">\n\t\t\t\t<div class=\"elementor-element elementor-element-f4c754b elementor-widget-tablet__width-initial jltma-glass-effect-no elementor-widget elementor-widget-image\" data-id=\"f4c754b\" data-element_type=\"widget\" data-widget_type=\"image.default\">\n\t\t\t\t<div class=\"elementor-widget-container\">\n\t\t\t\t\t\t\t\t\t\t\t\t\t\t\t<img fetchpriority=\"high\" decoding=\"async\" width=\"1591\" height=\"1434\" src=\"https:\/\/gozuri.com\/parceiros\/wp-content\/uploads\/2024\/10\/Group-4953-e1728663586418.png\" class=\"attachment-full size-full wp-image-13218\" alt=\"\" srcset=\"https:\/\/gozuri.com\/parceiros\/wp-content\/uploads\/2024\/10\/Group-4953-e1728663586418.png 1591w, https:\/\/gozuri.com\/parceiros\/wp-content\/uploads\/2024\/10\/Group-4953-e1728663586418-444x400.png 444w, https:\/\/gozuri.com\/parceiros\/wp-content\/uploads\/2024\/10\/Group-4953-e1728663586418-888x800.png 888w, https:\/\/gozuri.com\/parceiros\/wp-content\/uploads\/2024\/10\/Group-4953-e1728663586418-768x692.png 768w, https:\/\/gozuri.com\/parceiros\/wp-content\/uploads\/2024\/10\/Group-4953-e1728663586418-1536x1384.png 1536w\" sizes=\"(max-width: 1591px) 100vw, 1591px\" \/>\t\t\t\t\t\t\t\t\t\t\t\t\t\t\t<\/div>\n\t\t\t\t<\/div>\n\t\t\t\t<\/div>\n\t\t\t\t<\/div>\n\t\t<div class=\"elementor-element elementor-element-59f8105 e-con-full e-flex wpr-particle-no wpr-jarallax-no wpr-parallax-no wpr-sticky-section-no e-con e-child\" data-id=\"59f8105\" data-element_type=\"container\" data-settings=\"{&quot;_ha_eqh_enable&quot;:false}\">\n\t\t<div class=\"elementor-element elementor-element-1992e42 e-con-full e-flex wpr-particle-no wpr-jarallax-no wpr-parallax-no wpr-sticky-section-no e-con e-child\" data-id=\"1992e42\" data-element_type=\"container\" data-settings=\"{&quot;_ha_eqh_enable&quot;:false}\">\n\t\t\t\t<div class=\"elementor-element elementor-element-191f1dd elementor-widget__width-initial jltma-glass-effect-no elementor-widget elementor-widget-image\" data-id=\"191f1dd\" data-element_type=\"widget\" data-widget_type=\"image.default\">\n\t\t\t\t<div class=\"elementor-widget-container\">\n\t\t\t\t\t\t\t\t\t\t\t\t\t\t\t<img decoding=\"async\" width=\"432\" height=\"432\" src=\"https:\/\/gozuri.com\/parceiros\/wp-content\/uploads\/2023\/03\/zuri.png\" class=\"attachment-large size-large wp-image-6087\" alt=\"\" srcset=\"https:\/\/gozuri.com\/parceiros\/wp-content\/uploads\/2023\/03\/zuri.png 432w, https:\/\/gozuri.com\/parceiros\/wp-content\/uploads\/2023\/03\/zuri-400x400.png 400w, https:\/\/gozuri.com\/parceiros\/wp-content\/uploads\/2023\/03\/zuri-280x280.png 280w\" sizes=\"(max-width: 432px) 100vw, 432px\" \/>\t\t\t\t\t\t\t\t\t\t\t\t\t\t\t<\/div>\n\t\t\t\t<\/div>\n\t\t\t\t<div class=\"elementor-element elementor-element-f24c6e2 jltma-glass-effect-no elementor-widget elementor-widget-shortcode\" data-id=\"f24c6e2\" data-element_type=\"widget\" data-widget_type=\"shortcode.default\">\n\t\t\t\t<div class=\"elementor-widget-container\">\n\t\t\t\t\t\t\t<div class=\"elementor-shortcode\">\n<div class=\"um um-login um-13066\">\n\t<div class=\"um-form\">\n\t\t<form method=\"post\" action=\"\" autocomplete=\"off\">\n\t\t\t<div class=\"um-row _um_row_1 \" style=\"padding: 0px 0px 0px 0px;margin: 0px 0px 30px 0px;border-width: 0px 0px 0px 0px;border-style: solid;border-radius: 0px;\"><div class=\"um-col-1\"><div  id=\"um_field_13066_username\" class=\"um-field um-field-text  um-field-username um-field-text um-field-type_text\" data-key=\"username\"><div class=\"um-field-label\"><label for=\"username-13066\">Username ou e-mail<span class=\"um-req\" title=\"Required\">*<\/span><\/label><div class=\"um-clear\"><\/div><\/div><div class=\"um-field-area\"><input  autocomplete=\"off\" class=\"um-form-field valid \" type=\"text\" name=\"username-13066\" id=\"username-13066\" value=\"\" placeholder=\"\" data-validate=\"\" data-key=\"username\"  aria-invalid=\"false\" \/>\n\n\t\t\t\t\t\t<\/div><\/div><div  id=\"um_field_13066_user_password\" class=\"um-field um-field-password  um-field-user_password um-field-password um-field-type_password\" data-key=\"user_password\"><div class=\"um-field-label\"><label for=\"user_password-13066\">Senha<span class=\"um-req\" title=\"Required\">*<\/span><\/label><div class=\"um-clear\"><\/div><\/div><div class=\"um-field-area\"><div class=\"um-field-area-password\">\n\t\t\t\t\t\t\t\t\t<input class=\"um-form-field valid \" type=\"password\" name=\"user_password-13066\" id=\"user_password-13066\" value=\"\" placeholder=\"\" data-validate=\"\" data-key=\"user_password\"  aria-invalid=\"false\" \/>\n\t\t\t\t\t\t\t\t\t<span class=\"um-toggle-password\"><i class=\"um-icon-eye\"><\/i><\/span>\n\t\t\t\t\t\t\t\t<\/div>\n\t\t\t\t\t\t\t<\/div><\/div><\/div><\/div>\t<input type=\"hidden\" name=\"form_id\" id=\"form_id_13066\" value=\"13066\" \/>\n\t\t<p class=\"um_request_name\">\n\t\t<label for=\"um_request_13066\">Only fill in if you are not human<\/label>\n\t\t<input type=\"hidden\" name=\"um_request\" id=\"um_request_13066\" class=\"input\" value=\"\" size=\"25\" autocomplete=\"off\" \/>\n\t<\/p>\n\t<input type=\"hidden\" name=\"redirect_to\" id=\"redirect_to\" value=\"https:\/\/gozuri.com\/parceiros\/user\" \/><input type=\"hidden\" id=\"_wpnonce\" name=\"_wpnonce\" value=\"26a4c6bb19\" \/><input type=\"hidden\" name=\"_wp_http_referer\" value=\"\/parceiros\/wp-json\/wp\/v2\/pages\/13070\" \/>\n<div class=\"g-recaptcha\" id=\"um-13066\" data-mode=\"login\"><\/div>\n\n\n\t<div class=\"um-col-alt\">\n\n\t\t\n\n\t\t\t<div class=\"um-field um-field-c\">\n\t\t\t\t<div class=\"um-field-area\">\n\t\t\t\t\t<label class=\"um-field-checkbox\">\n\t\t\t\t\t\t<input type=\"checkbox\" name=\"rememberme\" value=\"1\"  \/>\n\t\t\t\t\t\t<span class=\"um-field-checkbox-state\"><i class=\"um-icon-android-checkbox-outline-blank\"><\/i><\/span>\n\t\t\t\t\t\t<span class=\"um-field-checkbox-option\"> Keep me signed in<\/span>\n\t\t\t\t\t<\/label>\n\t\t\t\t<\/div>\n\t\t\t<\/div>\n\n\t\t\t\t\t\t<div class=\"um-clear\"><\/div>\n\t\t\n\t\t\t<div class=\"um-center\">\n\t\t\t\t<input type=\"submit\" value=\"Login\" class=\"um-button\" id=\"um-submit-btn\" \/>\n\t\t\t<\/div>\n\n\t\t\n\t\t<div class=\"um-clear\"><\/div>\n\n\t<\/div>\n\n\t\n\t<div class=\"um-col-alt-b\">\n\t\t<a href=\"https:\/\/gozuri.com\/parceiros\/password-reset\/\" class=\"um-link-alt\">\n\t\t\tForgot your password?\t\t<\/a>\n\t<\/div>\n\n\t\t\t<\/form>\n\t<\/div>\n<\/div>\n<style>\n\t\t\t.um-13066.um {\n\t\t\tmax-width: 450px;\n\t\t}\n\t\t\t\t.um-13066.um {\n\t\t\tmargin-left: 0px !important;\n\t\t}\n\t<\/style>\n\t<\/div>\n\t\t\t\t\t\t<\/div>\n\t\t\t\t<\/div>\n\t\t\t\t<\/div>\n\t\t\t\t<\/div>\n\t\t\t\t\t<\/div>\n\t\t\t\t<\/div>\n\t\t<div class=\"elementor-element elementor-element-9c659e5 e-flex e-con-boxed wpr-particle-no wpr-jarallax-no wpr-parallax-no wpr-sticky-section-no e-con e-parent\" data-id=\"9c659e5\" data-element_type=\"container\" data-settings=\"{&quot;_ha_eqh_enable&quot;:false}\">\n\t\t\t\t\t<div class=\"e-con-inner\">\n\t\t\t\t\t<\/div>\n\t\t\t\t<\/div>\n\t\t\t\t<\/div>\n\t\t","protected":false},"excerpt":{"rendered":"","protected":false},"author":1,"featured_media":0,"parent":0,"menu_order":0,"comment_status":"closed","ping_status":"closed","template":"elementor_canvas","meta":{"footnotes":""},"class_list":["post-13070","page","type-page","status-publish","hentry"],"yoast_head":"<!-- This site is optimized with the Yoast SEO plugin v26.8 - https:\/\/yoast.com\/product\/yoast-seo-wordpress\/ -->\n<title>Login | ZURI<\/title>\n<meta name=\"robots\" content=\"index, follow, max-snippet:-1, max-image-preview:large, max-video-preview:-1\" \/>\n<link rel=\"canonical\" href=\"https:\/\/gozuri.com\/parceiros\/login\/\" \/>\n<meta property=\"og:locale\" content=\"pt_BR\" \/>\n<meta property=\"og:type\" content=\"article\" \/>\n<meta property=\"og:title\" content=\"Login | ZURI\" \/>\n<meta property=\"og:url\" content=\"https:\/\/gozuri.com\/parceiros\/login\/\" \/>\n<meta property=\"og:site_name\" content=\"ZURI\" \/>\n<meta property=\"article:publisher\" content=\"https:\/\/www.facebook.com\/WFZuri\" \/>\n<meta property=\"article:modified_time\" content=\"2024-11-08T19:33:36+00:00\" \/>\n<meta property=\"og:image\" content=\"https:\/\/gozuri.com\/parceiros\/wp-content\/uploads\/2024\/10\/Group-4953-e1728663586418.png\" \/>\n\t<meta property=\"og:image:width\" content=\"1591\" \/>\n\t<meta property=\"og:image:height\" content=\"1434\" \/>\n\t<meta property=\"og:image:type\" content=\"image\/png\" \/>\n<meta name=\"twitter:card\" content=\"summary_large_image\" \/>\n<meta name=\"twitter:label1\" content=\"Est. tempo de leitura\" \/>\n\t<meta name=\"twitter:data1\" content=\"1 minuto\" \/>\n<script type=\"application\/ld+json\" class=\"yoast-schema-graph\">{\"@context\":\"https:\/\/schema.org\",\"@graph\":[{\"@type\":\"WebPage\",\"@id\":\"https:\/\/gozuri.com\/parceiros\/login\/\",\"url\":\"https:\/\/gozuri.com\/parceiros\/login\/\",\"name\":\"Login | ZURI\",\"isPartOf\":{\"@id\":\"https:\/\/gozuri.com\/parceiros\/#website\"},\"primaryImageOfPage\":{\"@id\":\"https:\/\/gozuri.com\/parceiros\/login\/#primaryimage\"},\"image\":{\"@id\":\"https:\/\/gozuri.com\/parceiros\/login\/#primaryimage\"},\"thumbnailUrl\":\"https:\/\/gozuri.com\/parceiros\/wp-content\/uploads\/2024\/10\/Group-4953-e1728663586418.png\",\"datePublished\":\"2024-10-01T20:47:44+00:00\",\"dateModified\":\"2024-11-08T19:33:36+00:00\",\"inLanguage\":\"pt-BR\",\"potentialAction\":[{\"@type\":\"ReadAction\",\"target\":[\"https:\/\/gozuri.com\/parceiros\/login\/\"]}]},{\"@type\":\"ImageObject\",\"inLanguage\":\"pt-BR\",\"@id\":\"https:\/\/gozuri.com\/parceiros\/login\/#primaryimage\",\"url\":\"https:\/\/gozuri.com\/parceiros\/wp-content\/uploads\/2024\/10\/Group-4953-e1728663586418.png\",\"contentUrl\":\"https:\/\/gozuri.com\/parceiros\/wp-content\/uploads\/2024\/10\/Group-4953-e1728663586418.png\",\"width\":1591,\"height\":1434},{\"@type\":\"WebSite\",\"@id\":\"https:\/\/gozuri.com\/parceiros\/#website\",\"url\":\"https:\/\/gozuri.com\/parceiros\/\",\"name\":\"Zuri\",\"description\":\"Alcance seus objetivos de neg\u00f3cio e supere os desafios que limitam a sua opera\u00e7\u00e3o, atrav\u00e9s da revolu\u00e7\u00e3o digital. Na Zuri oferecemos solu\u00e7\u00f5es digitais personalizadas que ajudam na busca \u00e0 excel\u00eancia operacional.\",\"publisher\":{\"@id\":\"https:\/\/gozuri.com\/parceiros\/#organization\"},\"alternateName\":\"Zuri Solu\u00e7\u00f5es Inteligentes | Cria\u00e7\u00e3o, Gest\u00e3o e Automa\u00e7\u00e3o de Processos\",\"potentialAction\":[{\"@type\":\"SearchAction\",\"target\":{\"@type\":\"EntryPoint\",\"urlTemplate\":\"https:\/\/gozuri.com\/parceiros\/?s={search_term_string}\"},\"query-input\":{\"@type\":\"PropertyValueSpecification\",\"valueRequired\":true,\"valueName\":\"search_term_string\"}}],\"inLanguage\":\"pt-BR\"},{\"@type\":\"Organization\",\"@id\":\"https:\/\/gozuri.com\/parceiros\/#organization\",\"name\":\"Zuri | Cria\u00e7\u00e3o, Gest\u00e3o e Automa\u00e7\u00e3o de Processos\",\"alternateName\":\"Zuri -Cria\u00e7\u00e3o, Gest\u00e3o e Automa\u00e7\u00e3o de Processos\",\"url\":\"https:\/\/gozuri.com\/parceiros\/\",\"logo\":{\"@type\":\"ImageObject\",\"inLanguage\":\"pt-BR\",\"@id\":\"https:\/\/gozuri.com\/parceiros\/#\/schema\/logo\/image\/\",\"url\":\"https:\/\/gozuri.com\/parceiros\/wp-content\/uploads\/2023\/03\/zuri.png\",\"contentUrl\":\"https:\/\/gozuri.com\/parceiros\/wp-content\/uploads\/2023\/03\/zuri.png\",\"width\":432,\"height\":432,\"caption\":\"Zuri | Cria\u00e7\u00e3o, Gest\u00e3o e Automa\u00e7\u00e3o de Processos\"},\"image\":{\"@id\":\"https:\/\/gozuri.com\/parceiros\/#\/schema\/logo\/image\/\"},\"sameAs\":[\"https:\/\/www.facebook.com\/WFZuri\",\"https:\/\/www.linkedin.com\/company\/wf-zuri\/\",\"https:\/\/www.youtube.com\/c\/Zuriautomacao\",\"https:\/\/www.instagram.com\/zuriautomacao\/\"]}]}<\/script>\n<!-- \/ Yoast SEO plugin. -->","yoast_head_json":{"title":"Login | ZURI","robots":{"index":"index","follow":"follow","max-snippet":"max-snippet:-1","max-image-preview":"max-image-preview:large","max-video-preview":"max-video-preview:-1"},"canonical":"https:\/\/gozuri.com\/parceiros\/login\/","og_locale":"pt_BR","og_type":"article","og_title":"Login | ZURI","og_url":"https:\/\/gozuri.com\/parceiros\/login\/","og_site_name":"ZURI","article_publisher":"https:\/\/www.facebook.com\/WFZuri","article_modified_time":"2024-11-08T19:33:36+00:00","og_image":[{"width":1591,"height":1434,"url":"https:\/\/gozuri.com\/parceiros\/wp-content\/uploads\/2024\/10\/Group-4953-e1728663586418.png","type":"image\/png"}],"twitter_card":"summary_large_image","twitter_misc":{"Est. tempo de leitura":"1 minuto"},"schema":{"@context":"https:\/\/schema.org","@graph":[{"@type":"WebPage","@id":"https:\/\/gozuri.com\/parceiros\/login\/","url":"https:\/\/gozuri.com\/parceiros\/login\/","name":"Login | ZURI","isPartOf":{"@id":"https:\/\/gozuri.com\/parceiros\/#website"},"primaryImageOfPage":{"@id":"https:\/\/gozuri.com\/parceiros\/login\/#primaryimage"},"image":{"@id":"https:\/\/gozuri.com\/parceiros\/login\/#primaryimage"},"thumbnailUrl":"https:\/\/gozuri.com\/parceiros\/wp-content\/uploads\/2024\/10\/Group-4953-e1728663586418.png","datePublished":"2024-10-01T20:47:44+00:00","dateModified":"2024-11-08T19:33:36+00:00","inLanguage":"pt-BR","potentialAction":[{"@type":"ReadAction","target":["https:\/\/gozuri.com\/parceiros\/login\/"]}]},{"@type":"ImageObject","inLanguage":"pt-BR","@id":"https:\/\/gozuri.com\/parceiros\/login\/#primaryimage","url":"https:\/\/gozuri.com\/parceiros\/wp-content\/uploads\/2024\/10\/Group-4953-e1728663586418.png","contentUrl":"https:\/\/gozuri.com\/parceiros\/wp-content\/uploads\/2024\/10\/Group-4953-e1728663586418.png","width":1591,"height":1434},{"@type":"WebSite","@id":"https:\/\/gozuri.com\/parceiros\/#website","url":"https:\/\/gozuri.com\/parceiros\/","name":"Zuri","description":"Alcance seus objetivos de neg\u00f3cio e supere os desafios que limitam a sua opera\u00e7\u00e3o, atrav\u00e9s da revolu\u00e7\u00e3o digital. Na Zuri oferecemos solu\u00e7\u00f5es digitais personalizadas que ajudam na busca \u00e0 excel\u00eancia operacional.","publisher":{"@id":"https:\/\/gozuri.com\/parceiros\/#organization"},"alternateName":"Zuri Solu\u00e7\u00f5es Inteligentes | Cria\u00e7\u00e3o, Gest\u00e3o e Automa\u00e7\u00e3o de Processos","potentialAction":[{"@type":"SearchAction","target":{"@type":"EntryPoint","urlTemplate":"https:\/\/gozuri.com\/parceiros\/?s={search_term_string}"},"query-input":{"@type":"PropertyValueSpecification","valueRequired":true,"valueName":"search_term_string"}}],"inLanguage":"pt-BR"},{"@type":"Organization","@id":"https:\/\/gozuri.com\/parceiros\/#organization","name":"Zuri | Cria\u00e7\u00e3o, Gest\u00e3o e Automa\u00e7\u00e3o de Processos","alternateName":"Zuri -Cria\u00e7\u00e3o, Gest\u00e3o e Automa\u00e7\u00e3o de Processos","url":"https:\/\/gozuri.com\/parceiros\/","logo":{"@type":"ImageObject","inLanguage":"pt-BR","@id":"https:\/\/gozuri.com\/parceiros\/#\/schema\/logo\/image\/","url":"https:\/\/gozuri.com\/parceiros\/wp-content\/uploads\/2023\/03\/zuri.png","contentUrl":"https:\/\/gozuri.com\/parceiros\/wp-content\/uploads\/2023\/03\/zuri.png","width":432,"height":432,"caption":"Zuri | Cria\u00e7\u00e3o, Gest\u00e3o e Automa\u00e7\u00e3o de Processos"},"image":{"@id":"https:\/\/gozuri.com\/parceiros\/#\/schema\/logo\/image\/"},"sameAs":["https:\/\/www.facebook.com\/WFZuri","https:\/\/www.linkedin.com\/company\/wf-zuri\/","https:\/\/www.youtube.com\/c\/Zuriautomacao","https:\/\/www.instagram.com\/zuriautomacao\/"]}]}},"_links":{"self":[{"href":"https:\/\/gozuri.com\/parceiros\/wp-json\/wp\/v2\/pages\/13070","targetHints":{"allow":["GET"]}}],"collection":[{"href":"https:\/\/gozuri.com\/parceiros\/wp-json\/wp\/v2\/pages"}],"about":[{"href":"https:\/\/gozuri.com\/parceiros\/wp-json\/wp\/v2\/types\/page"}],"author":[{"embeddable":true,"href":"https:\/\/gozuri.com\/parceiros\/wp-json\/wp\/v2\/users\/1"}],"replies":[{"embeddable":true,"href":"https:\/\/gozuri.com\/parceiros\/wp-json\/wp\/v2\/comments?post=13070"}],"version-history":[{"count":270,"href":"https:\/\/gozuri.com\/parceiros\/wp-json\/wp\/v2\/pages\/13070\/revisions"}],"predecessor-version":[{"id":13715,"href":"https:\/\/gozuri.com\/parceiros\/wp-json\/wp\/v2\/pages\/13070\/revisions\/13715"}],"wp:attachment":[{"href":"https:\/\/gozuri.com\/parceiros\/wp-json\/wp\/v2\/media?parent=13070"}],"curies":[{"name":"wp","href":"https:\/\/api.w.org\/{rel}","templated":true}]}}