{"id":13075,"date":"2024-10-01T17:47:58","date_gmt":"2024-10-01T20:47:58","guid":{"rendered":"https:\/\/hom.gozuri.com\/password-reset\/"},"modified":"2024-10-14T14:15:28","modified_gmt":"2024-10-14T17:15:28","slug":"password-reset","status":"publish","type":"page","link":"https:\/\/gozuri.com\/parceiros\/password-reset\/","title":{"rendered":"Password Reset"},"content":{"rendered":"\n<div class=\"um um-password um-um_password_id\">\n\t<div class=\"um-form\">\n\t\t<form method=\"post\" action=\"\">\n\t\t\t\n\t\t\t\t<input type=\"hidden\" name=\"_um_password_reset\" id=\"_um_password_reset\" value=\"1\" \/>\n\n\t\t\t\t\t\t\t\t\t<div class=\"um-field um-field-block um-field-type_block\">\n\t\t\t\t\t\t<div class=\"um-field-block\">\n\t\t\t\t\t\t\t<div style=\"text-align:center;\">\n\t\t\t\t\t\t\t\tTo reset your password, please enter your email address or username below.\t\t\t\t\t\t\t<\/div>\n\t\t\t\t\t\t<\/div>\n\t\t\t\t\t<\/div>\n\t\t\t\t<div  id=\"um_field_0_username_b\" class=\"um-field um-field-text  um-field-username_b um-field-text um-field-type_text\" data-key=\"username_b\"><div class=\"um-field-area\"><input  autocomplete=\"off\" class=\"um-form-field valid \" type=\"text\" name=\"username_b\" id=\"username_b\" value=\"\" placeholder=\"Enter your username or email\" data-validate=\"\" data-key=\"username_b\"  aria-invalid=\"false\" \/>\n\n\t\t\t\t\t\t<\/div><\/div>\n<div class=\"g-recaptcha\" id=\"um-um_password_id\" data-mode=\"password\"><\/div>\n\n\n\t\t\t\t<div class=\"um-col-alt um-col-alt-b\">\n\n\t\t\t\t\t<div class=\"um-center\">\n\t\t\t\t\t\t<input type=\"submit\" value=\"Reset password\" class=\"um-button\" id=\"um-submit-btn\" \/>\n\t\t\t\t\t<\/div>\n\n\t\t\t\t\t<div class=\"um-clear\"><\/div>\n\n\t\t\t\t<\/div>\n\n\t\t\t\t\t<input type=\"hidden\" name=\"form_id\" id=\"form_id_um_password_id\" value=\"um_password_id\" \/>\n\t\t<p class=\"um_request_name\">\n\t\t<label for=\"um_request_um_password_id\">Only fill in if you are not human<\/label>\n\t\t<input type=\"hidden\" name=\"um_request\" id=\"um_request_um_password_id\" class=\"input\" value=\"\" size=\"25\" autocomplete=\"off\" \/>\n\t<\/p>\n\t\t\t<\/form>\n\t<\/div>\n<\/div>\n<style>\n\t\t\t.um-um_password_id.um {\n\t\t\tmax-width: 450px;\n\t\t}\n\t\t<\/style>\n","protected":false},"excerpt":{"rendered":"","protected":false},"author":1,"featured_media":0,"parent":0,"menu_order":0,"comment_status":"closed","ping_status":"closed","template":"","meta":{"footnotes":""},"class_list":["post-13075","page","type-page","status-publish","hentry"],"yoast_head":"<!-- This site is optimized with the Yoast SEO plugin v26.8 - https:\/\/yoast.com\/product\/yoast-seo-wordpress\/ -->\n<title>Password Reset | ZURI<\/title>\n<meta name=\"robots\" content=\"index, follow, max-snippet:-1, max-image-preview:large, max-video-preview:-1\" \/>\n<link rel=\"canonical\" href=\"https:\/\/gozuri.com\/parceiros\/password-reset\/\" \/>\n<meta property=\"og:locale\" content=\"pt_BR\" \/>\n<meta property=\"og:type\" content=\"article\" \/>\n<meta property=\"og:title\" content=\"Password Reset | ZURI\" \/>\n<meta property=\"og:url\" content=\"https:\/\/gozuri.com\/parceiros\/password-reset\/\" \/>\n<meta property=\"og:site_name\" content=\"ZURI\" \/>\n<meta property=\"article:publisher\" content=\"https:\/\/www.facebook.com\/WFZuri\" \/>\n<meta property=\"article:modified_time\" content=\"2024-10-14T17:15:28+00:00\" \/>\n<meta property=\"og:image\" content=\"https:\/\/gozuri.com\/parceiros\/wp-content\/uploads\/2023\/03\/zuri.png\" \/>\n\t<meta property=\"og:image:width\" content=\"432\" \/>\n\t<meta property=\"og:image:height\" content=\"432\" \/>\n\t<meta property=\"og:image:type\" content=\"image\/png\" \/>\n<meta name=\"twitter:card\" content=\"summary_large_image\" \/>\n<script type=\"application\/ld+json\" class=\"yoast-schema-graph\">{\"@context\":\"https:\/\/schema.org\",\"@graph\":[{\"@type\":\"WebPage\",\"@id\":\"https:\/\/gozuri.com\/parceiros\/password-reset\/\",\"url\":\"https:\/\/gozuri.com\/parceiros\/password-reset\/\",\"name\":\"Password Reset | ZURI\",\"isPartOf\":{\"@id\":\"https:\/\/gozuri.com\/parceiros\/#website\"},\"datePublished\":\"2024-10-01T20:47:58+00:00\",\"dateModified\":\"2024-10-14T17:15:28+00:00\",\"inLanguage\":\"pt-BR\",\"potentialAction\":[{\"@type\":\"ReadAction\",\"target\":[\"https:\/\/gozuri.com\/parceiros\/password-reset\/\"]}]},{\"@type\":\"WebSite\",\"@id\":\"https:\/\/gozuri.com\/parceiros\/#website\",\"url\":\"https:\/\/gozuri.com\/parceiros\/\",\"name\":\"Zuri\",\"description\":\"Alcance seus objetivos de neg\u00f3cio e supere os desafios que limitam a sua opera\u00e7\u00e3o, atrav\u00e9s da revolu\u00e7\u00e3o digital. Na Zuri oferecemos solu\u00e7\u00f5es digitais personalizadas que ajudam na busca \u00e0 excel\u00eancia operacional.\",\"publisher\":{\"@id\":\"https:\/\/gozuri.com\/parceiros\/#organization\"},\"alternateName\":\"Zuri Solu\u00e7\u00f5es Inteligentes | Cria\u00e7\u00e3o, Gest\u00e3o e Automa\u00e7\u00e3o de Processos\",\"potentialAction\":[{\"@type\":\"SearchAction\",\"target\":{\"@type\":\"EntryPoint\",\"urlTemplate\":\"https:\/\/gozuri.com\/parceiros\/?s={search_term_string}\"},\"query-input\":{\"@type\":\"PropertyValueSpecification\",\"valueRequired\":true,\"valueName\":\"search_term_string\"}}],\"inLanguage\":\"pt-BR\"},{\"@type\":\"Organization\",\"@id\":\"https:\/\/gozuri.com\/parceiros\/#organization\",\"name\":\"Zuri | Cria\u00e7\u00e3o, Gest\u00e3o e Automa\u00e7\u00e3o de Processos\",\"alternateName\":\"Zuri -Cria\u00e7\u00e3o, Gest\u00e3o e Automa\u00e7\u00e3o de Processos\",\"url\":\"https:\/\/gozuri.com\/parceiros\/\",\"logo\":{\"@type\":\"ImageObject\",\"inLanguage\":\"pt-BR\",\"@id\":\"https:\/\/gozuri.com\/parceiros\/#\/schema\/logo\/image\/\",\"url\":\"https:\/\/gozuri.com\/parceiros\/wp-content\/uploads\/2023\/03\/zuri.png\",\"contentUrl\":\"https:\/\/gozuri.com\/parceiros\/wp-content\/uploads\/2023\/03\/zuri.png\",\"width\":432,\"height\":432,\"caption\":\"Zuri | Cria\u00e7\u00e3o, Gest\u00e3o e Automa\u00e7\u00e3o de Processos\"},\"image\":{\"@id\":\"https:\/\/gozuri.com\/parceiros\/#\/schema\/logo\/image\/\"},\"sameAs\":[\"https:\/\/www.facebook.com\/WFZuri\",\"https:\/\/www.linkedin.com\/company\/wf-zuri\/\",\"https:\/\/www.youtube.com\/c\/Zuriautomacao\",\"https:\/\/www.instagram.com\/zuriautomacao\/\"]}]}<\/script>\n<!-- \/ Yoast SEO plugin. -->","yoast_head_json":{"title":"Password Reset | ZURI","robots":{"index":"index","follow":"follow","max-snippet":"max-snippet:-1","max-image-preview":"max-image-preview:large","max-video-preview":"max-video-preview:-1"},"canonical":"https:\/\/gozuri.com\/parceiros\/password-reset\/","og_locale":"pt_BR","og_type":"article","og_title":"Password Reset | ZURI","og_url":"https:\/\/gozuri.com\/parceiros\/password-reset\/","og_site_name":"ZURI","article_publisher":"https:\/\/www.facebook.com\/WFZuri","article_modified_time":"2024-10-14T17:15:28+00:00","og_image":[{"width":432,"height":432,"url":"https:\/\/gozuri.com\/parceiros\/wp-content\/uploads\/2023\/03\/zuri.png","type":"image\/png"}],"twitter_card":"summary_large_image","schema":{"@context":"https:\/\/schema.org","@graph":[{"@type":"WebPage","@id":"https:\/\/gozuri.com\/parceiros\/password-reset\/","url":"https:\/\/gozuri.com\/parceiros\/password-reset\/","name":"Password Reset | ZURI","isPartOf":{"@id":"https:\/\/gozuri.com\/parceiros\/#website"},"datePublished":"2024-10-01T20:47:58+00:00","dateModified":"2024-10-14T17:15:28+00:00","inLanguage":"pt-BR","potentialAction":[{"@type":"ReadAction","target":["https:\/\/gozuri.com\/parceiros\/password-reset\/"]}]},{"@type":"WebSite","@id":"https:\/\/gozuri.com\/parceiros\/#website","url":"https:\/\/gozuri.com\/parceiros\/","name":"Zuri","description":"Alcance seus objetivos de neg\u00f3cio e supere os desafios que limitam a sua opera\u00e7\u00e3o, atrav\u00e9s da revolu\u00e7\u00e3o digital. Na Zuri oferecemos solu\u00e7\u00f5es digitais personalizadas que ajudam na busca \u00e0 excel\u00eancia operacional.","publisher":{"@id":"https:\/\/gozuri.com\/parceiros\/#organization"},"alternateName":"Zuri Solu\u00e7\u00f5es Inteligentes | Cria\u00e7\u00e3o, Gest\u00e3o e Automa\u00e7\u00e3o de Processos","potentialAction":[{"@type":"SearchAction","target":{"@type":"EntryPoint","urlTemplate":"https:\/\/gozuri.com\/parceiros\/?s={search_term_string}"},"query-input":{"@type":"PropertyValueSpecification","valueRequired":true,"valueName":"search_term_string"}}],"inLanguage":"pt-BR"},{"@type":"Organization","@id":"https:\/\/gozuri.com\/parceiros\/#organization","name":"Zuri | Cria\u00e7\u00e3o, Gest\u00e3o e Automa\u00e7\u00e3o de Processos","alternateName":"Zuri -Cria\u00e7\u00e3o, Gest\u00e3o e Automa\u00e7\u00e3o de Processos","url":"https:\/\/gozuri.com\/parceiros\/","logo":{"@type":"ImageObject","inLanguage":"pt-BR","@id":"https:\/\/gozuri.com\/parceiros\/#\/schema\/logo\/image\/","url":"https:\/\/gozuri.com\/parceiros\/wp-content\/uploads\/2023\/03\/zuri.png","contentUrl":"https:\/\/gozuri.com\/parceiros\/wp-content\/uploads\/2023\/03\/zuri.png","width":432,"height":432,"caption":"Zuri | Cria\u00e7\u00e3o, Gest\u00e3o e Automa\u00e7\u00e3o de Processos"},"image":{"@id":"https:\/\/gozuri.com\/parceiros\/#\/schema\/logo\/image\/"},"sameAs":["https:\/\/www.facebook.com\/WFZuri","https:\/\/www.linkedin.com\/company\/wf-zuri\/","https:\/\/www.youtube.com\/c\/Zuriautomacao","https:\/\/www.instagram.com\/zuriautomacao\/"]}]}},"_links":{"self":[{"href":"https:\/\/gozuri.com\/parceiros\/wp-json\/wp\/v2\/pages\/13075","targetHints":{"allow":["GET"]}}],"collection":[{"href":"https:\/\/gozuri.com\/parceiros\/wp-json\/wp\/v2\/pages"}],"about":[{"href":"https:\/\/gozuri.com\/parceiros\/wp-json\/wp\/v2\/types\/page"}],"author":[{"embeddable":true,"href":"https:\/\/gozuri.com\/parceiros\/wp-json\/wp\/v2\/users\/1"}],"replies":[{"embeddable":true,"href":"https:\/\/gozuri.com\/parceiros\/wp-json\/wp\/v2\/comments?post=13075"}],"version-history":[{"count":1,"href":"https:\/\/gozuri.com\/parceiros\/wp-json\/wp\/v2\/pages\/13075\/revisions"}],"predecessor-version":[{"id":13388,"href":"https:\/\/gozuri.com\/parceiros\/wp-json\/wp\/v2\/pages\/13075\/revisions\/13388"}],"wp:attachment":[{"href":"https:\/\/gozuri.com\/parceiros\/wp-json\/wp\/v2\/media?parent=13075"}],"curies":[{"name":"wp","href":"https:\/\/api.w.org\/{rel}","templated":true}]}}